{"id":371,"date":"2025-06-17T20:36:59","date_gmt":"2025-06-17T20:36:59","guid":{"rendered":"https:\/\/paybooster.be\/politique-de-confidentialite\/"},"modified":"2025-06-20T13:19:35","modified_gmt":"2025-06-20T13:19:35","slug":"politique-de-confidentialite","status":"publish","type":"page","link":"https:\/\/paybooster.be\/fr\/politique-de-confidentialite\/","title":{"rendered":"Politique de confidentialit\u00e9"},"content":{"rendered":"\t\t<div data-elementor-type=\"wp-page\" data-elementor-id=\"371\" class=\"elementor elementor-371 elementor-160\" data-elementor-post-type=\"page\">\n\t\t\t\t<div class=\"elementor-element elementor-element-16798cb e-flex e-con-boxed e-con e-parent\" data-id=\"16798cb\" data-element_type=\"container\" data-settings=\"{&quot;background_background&quot;:&quot;classic&quot;}\">\n\t\t\t\t\t<div class=\"e-con-inner\">\n\t\t\t\t<div class=\"elementor-element elementor-element-ff1be63 elementor-widget elementor-widget-heading\" data-id=\"ff1be63\" data-element_type=\"widget\" data-widget_type=\"heading.default\">\n\t\t\t\t<div class=\"elementor-widget-container\">\n\t\t\t\t\t<h2 class=\"elementor-heading-title elementor-size-default\">Politique de confidentialit\u00e9<\/h2>\t\t\t\t<\/div>\n\t\t\t\t<\/div>\n\t\t\t\t\t<\/div>\n\t\t\t\t<\/div>\n\t\t<div class=\"elementor-element elementor-element-4575e91 e-flex e-con-boxed e-con e-parent\" data-id=\"4575e91\" data-element_type=\"container\">\n\t\t\t\t\t<div class=\"e-con-inner\">\n\t\t\t\t<div class=\"elementor-element elementor-element-7e1c630 elementor-widget elementor-widget-text-editor\" data-id=\"7e1c630\" data-element_type=\"widget\" data-widget_type=\"text-editor.default\">\n\t\t\t\t<div class=\"elementor-widget-container\">\n\t\t\t\t\t\t\t\t\t<p data-start=\"215\" data-end=\"254\"><strong data-start=\"215\" data-end=\"254\">D\u00e9claration de confidentialit\u00e9 de Paybooster BV<\/strong><\/p><p data-start=\"256\" data-end=\"1012\">Vos donn\u00e9es sont enregistr\u00e9es dans la base de donn\u00e9es de <strong data-start=\"308\" data-end=\"325\">Paybooster BV<\/strong> (BE 0788.538.041, Hoge Kouter 23, 9880 Aalter). Elles sont destin\u00e9es \u00e0 un usage interne. Avec votre consentement, elles peuvent \u00e9galement \u00eatre transmises \u00e0 des partenaires contractuellement li\u00e9s. Conform\u00e9ment \u00e0 la l\u00e9gislation sur la protection des donn\u00e9es, les informations vous sont communiqu\u00e9es sur demande et sont corrig\u00e9es si n\u00e9cessaire. Pour de plus amples informations, vous pouvez contacter l&rsquo;Autorit\u00e9 de protection des donn\u00e9es via <a class=\"\" href=\"http:\/\/www.gegevensbeschermingsautoriteit.be\" target=\"_new\" rel=\"noopener\" data-start=\"758\" data-end=\"795\">www.gegevensbeschermingsautoriteit.be<\/a>.<br data-start=\"796\" data-end=\"799\">Toutes vos questions concernant l&rsquo;enregistrement de vos donn\u00e9es peuvent \u00eatre adress\u00e9es \u00e0 <strong data-start=\"888\" data-end=\"905\">Paybooster BV<\/strong>, Hoge Kouter 23, 9880 Aalter, par t\u00e9l\u00e9phone au <strong data-start=\"952\" data-end=\"969\">0472 82 15 16<\/strong> ou par courriel \u00e0 <strong data-start=\"989\" data-end=\"1011\"><a class=\"cursor-pointer\" rel=\"noopener\" data-start=\"991\" data-end=\"1009\">info@paybooster.be<\/a><\/strong>. <\/p><hr data-start=\"1014\" data-end=\"1017\"><p data-start=\"1019\" data-end=\"1066\"><strong data-start=\"1019\" data-end=\"1066\">Protection de la vie priv\u00e9e<\/strong><\/p><p data-start=\"1068\" data-end=\"1618\">Sans votre consentement, aucune information telle que l&rsquo;adresse, l&rsquo;e-mail, le num\u00e9ro de t\u00e9l\u00e9phone ou le num\u00e9ro de TVA ne sera communiqu\u00e9e, partag\u00e9e ou vendue \u00e0 des tiers (en dehors de Paybooster BV et de ses partenaires contractuels). Nous traitons toutes les donn\u00e9es relatives \u00e0 vos activit\u00e9s avec le plus haut degr\u00e9 de confidentialit\u00e9 et de s\u00e9curit\u00e9.<br data-start=\"1388\" data-end=\"1391\">Vous pouvez librement visiter notre site web et demander des informations sans \u00eatre oblig\u00e9 de fournir des donn\u00e9es personnelles. Si vous souhaitez utiliser des services ou effectuer des transactions sp\u00e9cifiques, l&rsquo;inscription en tant qu&rsquo;utilisateur peut \u00eatre requise.  <\/p><hr data-start=\"1620\" data-end=\"1623\"><p data-start=\"1625\" data-end=\"1688\"><strong data-start=\"1625\" data-end=\"1688\">Politique de confidentialit\u00e9 et de protection de la vie priv\u00e9e<\/strong><\/p><p data-start=\"1690\" data-end=\"2329\">Paybooster BV se r\u00e9serve le droit d&rsquo;examiner les informations relatives aux messages, au contenu, \u00e0 l&rsquo;origine ou \u00e0 la destination s&rsquo;il existe une suspicion d&rsquo;activit\u00e9s ill\u00e9gales ou non autoris\u00e9es, ou \u00e0 la demande des autorit\u00e9s comp\u00e9tentes.<br data-start=\"1933\" data-end=\"1936\">Sauf lorsque le contr\u00f4le est effectu\u00e9 \u00e0 la demande d&rsquo;une autorit\u00e9 comp\u00e9tente, Paybooster BV ne contr\u00f4lera que les informations publiques ou non confidentielles, telles que les pages web, les groupes de discussion ou les newsletters.<br data-start=\"2142\" data-end=\"2145\">Paybooster BV peut prendre des mesures pour assurer une bonne gestion de ses bases de donn\u00e9es. Dans ce cadre, l&rsquo;acc\u00e8s aux communications stock\u00e9es dans ces syst\u00e8mes peut \u00eatre obtenu. <\/p><p data-start=\"2331\" data-end=\"2847\">L&rsquo;utilisateur s&rsquo;engage \u00e0 pr\u00e9server le caract\u00e8re confidentiel de son mot de passe et de ses donn\u00e9es d&rsquo;acc\u00e8s. Toute utilisation de ces \u00e9l\u00e9ments d&rsquo;identification se fait sous l&rsquo;enti\u00e8re responsabilit\u00e9 de l&rsquo;utilisateur. En cas de perte, de vol ou d&rsquo;utilisation frauduleuse, l&rsquo;utilisateur est tenu d&rsquo;en informer Paybooster BV dans les plus brefs d\u00e9lais, de pr\u00e9f\u00e9rence confirm\u00e9 par lettre recommand\u00e9e. La responsabilit\u00e9 de l&rsquo;utilisateur ne cesse que le jour ouvrable suivant la r\u00e9ception de cette lettre recommand\u00e9e.   <\/p><p data-start=\"2849\" data-end=\"2949\">Les donn\u00e9es personnelles des utilisateurs sont incluses dans les fichiers de Paybooster BV et utilis\u00e9es pour :<\/p><ul data-start=\"2950\" data-end=\"3092\"><li data-start=\"2950\" data-end=\"2982\"><p data-start=\"2952\" data-end=\"2982\">la gestion de la base de donn\u00e9es clients,<\/p><\/li><li data-start=\"2983\" data-end=\"3028\"><p data-start=\"2985\" data-end=\"3028\">l&rsquo;ex\u00e9cution des obligations contractuelles,<\/p><\/li><li data-start=\"3029\" data-end=\"3092\"><p data-start=\"3031\" data-end=\"3092\">les communications et campagnes promotionnelles concernant les produits et services.<\/p><\/li><\/ul><p data-start=\"3094\" data-end=\"3488\">Les utilisateurs ont le droit d&rsquo;acc\u00e9der \u00e0 leurs donn\u00e9es et de les corriger. Cela peut se faire par une demande \u00e9crite, accompagn\u00e9e d&rsquo;une preuve d&rsquo;identit\u00e9, adress\u00e9e \u00e0 <strong data-start=\"3248\" data-end=\"3294\">Paybooster BV, Hoge Kouter 23, 9880 Aalter<\/strong>, ou par e-mail \u00e0 <strong data-start=\"3315\" data-end=\"3337\"><a class=\"cursor-pointer\" rel=\"noopener\" data-start=\"3317\" data-end=\"3335\">info@paybooster.be<\/a><\/strong>. Si des donn\u00e9es administratives changent, nous vous demandons de nous en informer dans le mois. Apr\u00e8s un mois, les donn\u00e9es obsol\u00e8tes sont automatiquement supprim\u00e9es.   <\/p><hr data-start=\"3490\" data-end=\"3493\"><p data-start=\"3495\" data-end=\"3518\"><strong data-start=\"3495\" data-end=\"3518\">Utilisation des cookies<\/strong><\/p><p data-start=\"3520\" data-end=\"4111\">Nous utilisons des cookies pour optimiser nos services. Un cookie est un petit fichier texte qui est stock\u00e9 sur votre ordinateur lorsque vous visitez notre site web. Les cookies ne peuvent pas \u00eatre lus par d&rsquo;autres sites web. Ils servent uniquement \u00e0 stocker temporairement les pr\u00e9f\u00e9rences ou les donn\u00e9es d&rsquo;acc\u00e8s, afin que vous n&rsquo;ayez pas \u00e0 les saisir \u00e0 chaque fois. La plupart des cookies sont automatiquement supprim\u00e9s apr\u00e8s votre session. Aucun cookie ne contient de donn\u00e9es de contact personnelles.<br data-start=\"4004\" data-end=\"4007\">Vous pouvez configurer votre navigateur pour qu&rsquo;il vous avertisse lors du placement de cookies ou pour les bloquer.     <\/p>\t\t\t\t\t\t\t\t<\/div>\n\t\t\t\t<\/div>\n\t\t\t\t\t<\/div>\n\t\t\t\t<\/div>\n\t\t\t\t<\/div>\n\t\t","protected":false},"excerpt":{"rendered":"<p>Politique de confidentialit\u00e9 D\u00e9claration de confidentialit\u00e9 de Paybooster BV Vos donn\u00e9es sont enregistr\u00e9es dans la base de donn\u00e9es de Paybooster BV (BE 0788.538.041, Hoge Kouter 23, 9880 Aalter). Elles sont destin\u00e9es \u00e0 un usage interne. Avec votre consentement, elles peuvent \u00e9galement \u00eatre transmises \u00e0 des partenaires contractuellement li\u00e9s. Conform\u00e9ment \u00e0 la l\u00e9gislation sur la protection [&hellip;]<\/p>\n","protected":false},"author":1,"featured_media":0,"parent":0,"menu_order":0,"comment_status":"closed","ping_status":"closed","template":"","meta":{"footnotes":""},"class_list":["post-371","page","type-page","status-publish","hentry"],"_links":{"self":[{"href":"https:\/\/paybooster.be\/fr\/wp-json\/wp\/v2\/pages\/371","targetHints":{"allow":["GET"]}}],"collection":[{"href":"https:\/\/paybooster.be\/fr\/wp-json\/wp\/v2\/pages"}],"about":[{"href":"https:\/\/paybooster.be\/fr\/wp-json\/wp\/v2\/types\/page"}],"author":[{"embeddable":true,"href":"https:\/\/paybooster.be\/fr\/wp-json\/wp\/v2\/users\/1"}],"replies":[{"embeddable":true,"href":"https:\/\/paybooster.be\/fr\/wp-json\/wp\/v2\/comments?post=371"}],"version-history":[{"count":2,"href":"https:\/\/paybooster.be\/fr\/wp-json\/wp\/v2\/pages\/371\/revisions"}],"predecessor-version":[{"id":543,"href":"https:\/\/paybooster.be\/fr\/wp-json\/wp\/v2\/pages\/371\/revisions\/543"}],"wp:attachment":[{"href":"https:\/\/paybooster.be\/fr\/wp-json\/wp\/v2\/media?parent=371"}],"curies":[{"name":"wp","href":"https:\/\/api.w.org\/{rel}","templated":true}]}}